{"id":1348,"date":"2025-09-29T11:12:04","date_gmt":"2025-09-29T09:12:04","guid":{"rendered":"https:\/\/nowa-strona-projekt.totus-reklamy.pl\/?page_id=1348"},"modified":"2025-11-04T11:44:26","modified_gmt":"2025-11-04T10:44:26","slug":"pozostala-reklama","status":"publish","type":"page","link":"https:\/\/totusreklamy.pl\/index.php\/pozostala-reklama\/","title":{"rendered":"Pozosta\u0142a reklama"},"content":{"rendered":"\t\t<div data-elementor-type=\"wp-page\" data-elementor-id=\"1348\" class=\"elementor elementor-1348\">\n\t\t\t\t<div class=\"elementor-element elementor-element-1ea1e10 e-flex e-con-boxed wpr-particle-no wpr-jarallax-no wpr-parallax-no wpr-sticky-section-no e-con e-parent\" data-id=\"1ea1e10\" data-element_type=\"container\">\n\t\t\t\t\t<div class=\"e-con-inner\">\n\t\t\t\t<div class=\"elementor-element elementor-element-4ec4efc elementor-widget elementor-widget-text-editor\" data-id=\"4ec4efc\" data-element_type=\"widget\" data-widget_type=\"text-editor.default\">\n\t\t\t\t\t\t\t\t\t<p data-start=\"240\" data-end=\"370\">Nie znalaz\u0142e\u015b tego, czego szukasz w naszej ofercie?<br data-start=\"291\" data-end=\"294\" \/>To \u017caden problem \u2014 tworzymy reklam\u0119 <strong data-start=\"330\" data-end=\"370\">dok\u0142adnie tak\u0105, jakiej potrzebujesz.<\/strong><\/p><p data-start=\"372\" data-end=\"633\">Reklama zewn\u0119trzna ma wiele form, a my ch\u0119tnie realizujemy niestandardowe pomys\u0142y. Dzi\u0119ki nowoczesnemu zapleczu technicznemu i do\u015bwiadczeniu naszego zespo\u0142u mo\u017cemy wykona\u0107 niemal ka\u017cdy projekt \u2013 od drobnych materia\u0142\u00f3w po du\u017ce, nietypowe konstrukcje reklamowe.<\/p><h3 data-start=\"635\" data-end=\"672\">Co mo\u017cemy dla Ciebie przygotowa\u0107?<\/h3><ul data-start=\"673\" data-end=\"980\"><li data-start=\"673\" data-end=\"707\"><p data-start=\"675\" data-end=\"707\">tablice i szyldy informacyjne,<\/p><\/li><li data-start=\"769\" data-end=\"836\"><p data-start=\"771\" data-end=\"836\">oznakowanie wn\u0119trz (np. kierunkowe, informacyjne, dekoracyjne),<\/p><\/li><li data-start=\"837\" data-end=\"873\"><p data-start=\"839\" data-end=\"873\">reklamy \u015bwietlne i pod\u015bwietlane,<\/p><\/li><li data-start=\"874\" data-end=\"941\"><p data-start=\"876\" data-end=\"941\">naklejki, grafiki i elementy dekoracyjne na r\u00f3\u017cne powierzchnie,<\/p><\/li><li data-start=\"942\" data-end=\"980\"><p data-start=\"944\" data-end=\"980\">projekty indywidualne na zam\u00f3wienie.<\/p><\/li><\/ul><p data-start=\"982\" data-end=\"1154\">Je\u015bli masz <strong data-start=\"993\" data-end=\"1026\">pomys\u0142, szkic lub tylko wizj\u0119<\/strong> \u2013 opowiedz nam o niej. Doradzimy najlepsze rozwi\u0105zanie, dobierzemy materia\u0142y i zajmiemy si\u0119 realizacj\u0105 od projektu po monta\u017c.<\/p><p data-start=\"1156\" data-end=\"1218\">Z nami Twoja reklama przyci\u0105gnie uwag\u0119 \u2013 niezale\u017cnie od formy.<\/p><p data-start=\"1220\" data-end=\"1373\">\ud83d\udcde <strong data-start=\"1223\" data-end=\"1248\">Skontaktuj si\u0119 z nami<\/strong> i powiedz, czego potrzebujesz.<br data-start=\"1279\" data-end=\"1282\" \/>Z przyjemno\u015bci\u0105 przygotujemy dla Ciebie <strong data-start=\"1322\" data-end=\"1373\">ofert\u0119 dopasowan\u0105 do Twojego pomys\u0142u i bud\u017cetu.<\/strong><\/p>\t\t\t\t\t\t\t\t<\/div>\n\t\t\t\t\t<\/div>\n\t\t\t\t<\/div>\n\t\t\t\t<\/div>\n\t\t","protected":false},"excerpt":{"rendered":"","protected":false},"author":1,"featured_media":0,"parent":0,"menu_order":0,"comment_status":"closed","ping_status":"closed","template":"","meta":{"footnotes":""},"class_list":["post-1348","page","type-page","status-publish","hentry"],"yoast_head":"<!-- This site is optimized with the Yoast SEO plugin v27.1.1 - https:\/\/yoast.com\/product\/yoast-seo-wordpress\/ -->\n<title>Pozosta\u0142a reklama - Totus<\/title>\n<meta name=\"robots\" content=\"index, follow, max-snippet:-1, max-image-preview:large, max-video-preview:-1\" \/>\n<link rel=\"canonical\" href=\"https:\/\/totusreklamy.pl\/index.php\/pozostala-reklama\/\" \/>\n<meta property=\"og:locale\" content=\"pl_PL\" \/>\n<meta property=\"og:type\" content=\"article\" \/>\n<meta property=\"og:title\" content=\"Pozosta\u0142a reklama - Totus\" \/>\n<meta property=\"og:url\" content=\"https:\/\/totusreklamy.pl\/index.php\/pozostala-reklama\/\" \/>\n<meta property=\"og:site_name\" content=\"Totus\" \/>\n<meta property=\"article:modified_time\" content=\"2025-11-04T10:44:26+00:00\" \/>\n<meta name=\"twitter:card\" content=\"summary_large_image\" \/>\n<script type=\"application\/ld+json\" class=\"yoast-schema-graph\">{\"@context\":\"https:\/\/schema.org\",\"@graph\":[{\"@type\":\"WebPage\",\"@id\":\"https:\/\/totusreklamy.pl\/index.php\/pozostala-reklama\/\",\"url\":\"https:\/\/totusreklamy.pl\/index.php\/pozostala-reklama\/\",\"name\":\"Pozosta\u0142a reklama - Totus\",\"isPartOf\":{\"@id\":\"https:\/\/totusreklamy.pl\/#website\"},\"datePublished\":\"2025-09-29T09:12:04+00:00\",\"dateModified\":\"2025-11-04T10:44:26+00:00\",\"breadcrumb\":{\"@id\":\"https:\/\/totusreklamy.pl\/index.php\/pozostala-reklama\/#breadcrumb\"},\"inLanguage\":\"pl-PL\",\"potentialAction\":[{\"@type\":\"ReadAction\",\"target\":[\"https:\/\/totusreklamy.pl\/index.php\/pozostala-reklama\/\"]}]},{\"@type\":\"BreadcrumbList\",\"@id\":\"https:\/\/totusreklamy.pl\/index.php\/pozostala-reklama\/#breadcrumb\",\"itemListElement\":[{\"@type\":\"ListItem\",\"position\":1,\"name\":\"Strona g\u0142\u00f3wna\",\"item\":\"https:\/\/totusreklamy.pl\/\"},{\"@type\":\"ListItem\",\"position\":2,\"name\":\"Pozosta\u0142a reklama\"}]},{\"@type\":\"WebSite\",\"@id\":\"https:\/\/totusreklamy.pl\/#website\",\"url\":\"https:\/\/totusreklamy.pl\/\",\"name\":\"Totus\",\"description\":\"Us\u0142ugi reklamowe \u0141\u00f3d\u017a\",\"publisher\":{\"@id\":\"https:\/\/totusreklamy.pl\/#organization\"},\"potentialAction\":[{\"@type\":\"SearchAction\",\"target\":{\"@type\":\"EntryPoint\",\"urlTemplate\":\"https:\/\/totusreklamy.pl\/?s={search_term_string}\"},\"query-input\":{\"@type\":\"PropertyValueSpecification\",\"valueRequired\":true,\"valueName\":\"search_term_string\"}}],\"inLanguage\":\"pl-PL\"},{\"@type\":\"Organization\",\"@id\":\"https:\/\/totusreklamy.pl\/#organization\",\"name\":\"Totus\",\"url\":\"https:\/\/totusreklamy.pl\/\",\"logo\":{\"@type\":\"ImageObject\",\"inLanguage\":\"pl-PL\",\"@id\":\"https:\/\/totusreklamy.pl\/#\/schema\/logo\/image\/\",\"url\":\"https:\/\/totusreklamy.pl\/wp-content\/uploads\/2025\/09\/totus-300-1.jpg\",\"contentUrl\":\"https:\/\/totusreklamy.pl\/wp-content\/uploads\/2025\/09\/totus-300-1.jpg\",\"width\":128,\"height\":70,\"caption\":\"Totus\"},\"image\":{\"@id\":\"https:\/\/totusreklamy.pl\/#\/schema\/logo\/image\/\"}}]}<\/script>\n<!-- \/ Yoast SEO plugin. -->","yoast_head_json":{"title":"Pozosta\u0142a reklama - Totus","robots":{"index":"index","follow":"follow","max-snippet":"max-snippet:-1","max-image-preview":"max-image-preview:large","max-video-preview":"max-video-preview:-1"},"canonical":"https:\/\/totusreklamy.pl\/index.php\/pozostala-reklama\/","og_locale":"pl_PL","og_type":"article","og_title":"Pozosta\u0142a reklama - Totus","og_url":"https:\/\/totusreklamy.pl\/index.php\/pozostala-reklama\/","og_site_name":"Totus","article_modified_time":"2025-11-04T10:44:26+00:00","twitter_card":"summary_large_image","schema":{"@context":"https:\/\/schema.org","@graph":[{"@type":"WebPage","@id":"https:\/\/totusreklamy.pl\/index.php\/pozostala-reklama\/","url":"https:\/\/totusreklamy.pl\/index.php\/pozostala-reklama\/","name":"Pozosta\u0142a reklama - Totus","isPartOf":{"@id":"https:\/\/totusreklamy.pl\/#website"},"datePublished":"2025-09-29T09:12:04+00:00","dateModified":"2025-11-04T10:44:26+00:00","breadcrumb":{"@id":"https:\/\/totusreklamy.pl\/index.php\/pozostala-reklama\/#breadcrumb"},"inLanguage":"pl-PL","potentialAction":[{"@type":"ReadAction","target":["https:\/\/totusreklamy.pl\/index.php\/pozostala-reklama\/"]}]},{"@type":"BreadcrumbList","@id":"https:\/\/totusreklamy.pl\/index.php\/pozostala-reklama\/#breadcrumb","itemListElement":[{"@type":"ListItem","position":1,"name":"Strona g\u0142\u00f3wna","item":"https:\/\/totusreklamy.pl\/"},{"@type":"ListItem","position":2,"name":"Pozosta\u0142a reklama"}]},{"@type":"WebSite","@id":"https:\/\/totusreklamy.pl\/#website","url":"https:\/\/totusreklamy.pl\/","name":"Totus","description":"Us\u0142ugi reklamowe \u0141\u00f3d\u017a","publisher":{"@id":"https:\/\/totusreklamy.pl\/#organization"},"potentialAction":[{"@type":"SearchAction","target":{"@type":"EntryPoint","urlTemplate":"https:\/\/totusreklamy.pl\/?s={search_term_string}"},"query-input":{"@type":"PropertyValueSpecification","valueRequired":true,"valueName":"search_term_string"}}],"inLanguage":"pl-PL"},{"@type":"Organization","@id":"https:\/\/totusreklamy.pl\/#organization","name":"Totus","url":"https:\/\/totusreklamy.pl\/","logo":{"@type":"ImageObject","inLanguage":"pl-PL","@id":"https:\/\/totusreklamy.pl\/#\/schema\/logo\/image\/","url":"https:\/\/totusreklamy.pl\/wp-content\/uploads\/2025\/09\/totus-300-1.jpg","contentUrl":"https:\/\/totusreklamy.pl\/wp-content\/uploads\/2025\/09\/totus-300-1.jpg","width":128,"height":70,"caption":"Totus"},"image":{"@id":"https:\/\/totusreklamy.pl\/#\/schema\/logo\/image\/"}}]}},"_links":{"self":[{"href":"https:\/\/totusreklamy.pl\/index.php\/wp-json\/wp\/v2\/pages\/1348","targetHints":{"allow":["GET"]}}],"collection":[{"href":"https:\/\/totusreklamy.pl\/index.php\/wp-json\/wp\/v2\/pages"}],"about":[{"href":"https:\/\/totusreklamy.pl\/index.php\/wp-json\/wp\/v2\/types\/page"}],"author":[{"embeddable":true,"href":"https:\/\/totusreklamy.pl\/index.php\/wp-json\/wp\/v2\/users\/1"}],"replies":[{"embeddable":true,"href":"https:\/\/totusreklamy.pl\/index.php\/wp-json\/wp\/v2\/comments?post=1348"}],"version-history":[{"count":7,"href":"https:\/\/totusreklamy.pl\/index.php\/wp-json\/wp\/v2\/pages\/1348\/revisions"}],"predecessor-version":[{"id":1642,"href":"https:\/\/totusreklamy.pl\/index.php\/wp-json\/wp\/v2\/pages\/1348\/revisions\/1642"}],"wp:attachment":[{"href":"https:\/\/totusreklamy.pl\/index.php\/wp-json\/wp\/v2\/media?parent=1348"}],"curies":[{"name":"wp","href":"https:\/\/api.w.org\/{rel}","templated":true}]}}